{"id":5026,"date":"2024-01-08T14:54:58","date_gmt":"2024-01-08T13:54:58","guid":{"rendered":"https:\/\/misionesmedia.com.ar\/?page_id=5026"},"modified":"2024-01-08T14:58:48","modified_gmt":"2024-01-08T13:58:48","slug":"campanas-politicas","status":"publish","type":"page","link":"https:\/\/misionesmedia.com.ar\/index.php\/campanas-politicas\/","title":{"rendered":"Campa\u00f1as Pol\u00edticas"},"content":{"rendered":"\t\t<div data-elementor-type=\"wp-page\" data-elementor-id=\"5026\" class=\"elementor elementor-5026\" data-elementor-post-type=\"page\">\n\t\t\t\t<div class=\"elementor-element elementor-element-2ccc59e e-flex e-con-boxed e-con e-parent\" data-id=\"2ccc59e\" data-element_type=\"container\" data-settings=\"{&quot;container_type&quot;:&quot;flex&quot;,&quot;content_width&quot;:&quot;boxed&quot;}\" data-core-v316-plus=\"true\">\n\t\t\t\t\t<div class=\"e-con-inner\">\n\t\t\t\t<div class=\"elementor-element elementor-element-b82050c elementor-widget elementor-widget-heading\" data-id=\"b82050c\" data-element_type=\"widget\" data-widget_type=\"heading.default\">\n\t\t\t\t<div class=\"elementor-widget-container\">\n\t\t\t<style>\/*! elementor - v3.19.0 - 07-02-2024 *\/\n.elementor-heading-title{padding:0;margin:0;line-height:1}.elementor-widget-heading .elementor-heading-title[class*=elementor-size-]>a{color:inherit;font-size:inherit;line-height:inherit}.elementor-widget-heading .elementor-heading-title.elementor-size-small{font-size:15px}.elementor-widget-heading .elementor-heading-title.elementor-size-medium{font-size:19px}.elementor-widget-heading .elementor-heading-title.elementor-size-large{font-size:29px}.elementor-widget-heading .elementor-heading-title.elementor-size-xl{font-size:39px}.elementor-widget-heading .elementor-heading-title.elementor-size-xxl{font-size:59px}<\/style><h2 class=\"elementor-heading-title elementor-size-default\">Campa\u00f1as Pol\u00edticas<\/h2>\t\t<\/div>\n\t\t\t\t<\/div>\n\t\t\t\t\t<\/div>\n\t\t\t\t<\/div>\n\t\t<div class=\"elementor-element elementor-element-f32caac e-flex e-con-boxed e-con e-parent\" data-id=\"f32caac\" data-element_type=\"container\" data-settings=\"{&quot;container_type&quot;:&quot;flex&quot;,&quot;content_width&quot;:&quot;boxed&quot;}\" data-core-v316-plus=\"true\">\n\t\t\t\t\t<div class=\"e-con-inner\">\n\t\t\t\t<div class=\"elementor-element elementor-element-524f054 elementor-widget elementor-widget-text-editor\" data-id=\"524f054\" data-element_type=\"widget\" data-widget_type=\"text-editor.default\">\n\t\t\t\t<div class=\"elementor-widget-container\">\n\t\t\t<style>\/*! elementor - v3.19.0 - 07-02-2024 *\/\n.elementor-widget-text-editor.elementor-drop-cap-view-stacked .elementor-drop-cap{background-color:#69727d;color:#fff}.elementor-widget-text-editor.elementor-drop-cap-view-framed .elementor-drop-cap{color:#69727d;border:3px solid;background-color:transparent}.elementor-widget-text-editor:not(.elementor-drop-cap-view-default) .elementor-drop-cap{margin-top:8px}.elementor-widget-text-editor:not(.elementor-drop-cap-view-default) .elementor-drop-cap-letter{width:1em;height:1em}.elementor-widget-text-editor .elementor-drop-cap{float:left;text-align:center;line-height:1;font-size:50px}.elementor-widget-text-editor .elementor-drop-cap-letter{display:inline-block}<\/style>\t\t\t\t<p style=\"text-align: center;\">\u00a1<em>Potencia tu campa\u00f1a pol\u00edtica con nuestro completo paquete de servicios de marketing dise\u00f1ado para impulsar tu presencia y conectividad con los votantes! Nuestro equipo especializado ofrece una soluci\u00f3n integral que abarca desde estrategias de marketing digital hasta la creaci\u00f3n de contenido atractivo y efectivo.<\/em><\/p><p style=\"text-align: center;\"><em>Con nuestra experiencia en marketing digital, aseguramos una presencia s\u00f3lida en redes sociales, Google y YouTube, maximizando el alcance de tu mensaje pol\u00edtico. Desarrollamos campa\u00f1as publicitarias estrat\u00e9gicas y segmentadas, optimizando la visibilidad de tu candidatura y aumentando la interacci\u00f3n con el electorado.<\/em><\/p><p style=\"text-align: center;\"><em>El dise\u00f1o gr\u00e1fico es clave para transmitir tu mensaje de manera impactante y memorable. Nuestro equipo creativo se encargar\u00e1 de crear contenido visual atractivo y coherente, desde banners y carteles hasta im\u00e1genes para redes sociales, asegurando una identidad visual s\u00f3lida y profesional.<\/em><\/p><p style=\"text-align: center;\"><em>Los jingles son una herramienta poderosa para reforzar el reconocimiento de tu campa\u00f1a. Componemos melod\u00edas pegajosas y letras persuasivas que resonar\u00e1n en la mente de los votantes, proporcionando una ventaja \u00fanica y memorable.<\/em><\/p><p style=\"text-align: center;\"><em>Adem\u00e1s, nos ocupamos de la carteler\u00eda f\u00edsica y digital, garantizando que tu mensaje est\u00e9 presente en todos los rincones. Desde vallas publicitarias hasta material impreso, trabajamos para asegurar una presencia visual cohesiva y efectiva.<\/em><\/p><p style=\"text-align: center;\"><em>No subestimes el impacto de la publicidad en medios audiovisuales. Creamos anuncios atractivos y persuasivos que se transmitir\u00e1n en televisi\u00f3n y radio, maximizando la visibilidad de tu campa\u00f1a y llegando a audiencias m\u00e1s amplias.<\/em><\/p><p style=\"text-align: center;\"><em>Con nuestro paquete completo de servicios de marketing pol\u00edtico, te ofrecemos la oportunidad de destacarte y conectar con los votantes de manera efectiva. \u00a1Eleva tu campa\u00f1a al siguiente nivel con nuestro equipo especializado en marketing pol\u00edtico!<\/em><\/p>\t\t\t\t\t\t<\/div>\n\t\t\t\t<\/div>\n\t\t\t\t\t<\/div>\n\t\t\t\t<\/div>\n\t\t\t\t<\/div>\n\t\t","protected":false},"excerpt":{"rendered":"<p>Campa\u00f1as Pol\u00edticas \u00a1Potencia tu campa\u00f1a pol\u00edtica con nuestro completo paquete de servicios de marketing dise\u00f1ado para impulsar tu presencia y conectividad con los votantes! Nuestro equipo especializado ofrece una soluci\u00f3n integral que abarca desde estrategias de marketing digital hasta la creaci\u00f3n de contenido atractivo y efectivo. Con nuestra experiencia en marketing digital, aseguramos una presencia &#8230; <a title=\"Campa\u00f1as Pol\u00edticas\" class=\"read-more\" href=\"https:\/\/misionesmedia.com.ar\/index.php\/campanas-politicas\/\" aria-label=\"M\u00e1s en Campa\u00f1as Pol\u00edticas\">Leer m\u00e1s<\/a><\/p>\n","protected":false},"author":1,"featured_media":0,"parent":0,"menu_order":0,"comment_status":"closed","ping_status":"closed","template":"","meta":{"footnotes":""},"class_list":["post-5026","page","type-page","status-publish"],"yoast_head":"<!-- This site is optimized with the Yoast SEO Premium plugin v21.8 (Yoast SEO v22.1) - https:\/\/yoast.com\/wordpress\/plugins\/seo\/ -->\n<title>Campa\u00f1as Pol\u00edticas - Misiones Media<\/title>\n<meta name=\"robots\" content=\"index, follow, max-snippet:-1, max-image-preview:large, max-video-preview:-1\" \/>\n<link rel=\"canonical\" href=\"https:\/\/misionesmedia.com.ar\/index.php\/campanas-politicas\/\" \/>\n<meta property=\"og:locale\" content=\"es_ES\" \/>\n<meta property=\"og:type\" content=\"article\" \/>\n<meta property=\"og:title\" content=\"Campa\u00f1as Pol\u00edticas\" \/>\n<meta property=\"og:description\" content=\"Campa\u00f1as Pol\u00edticas \u00a1Potencia tu campa\u00f1a pol\u00edtica con nuestro completo paquete de servicios de marketing dise\u00f1ado para impulsar tu presencia y conectividad con los votantes! Nuestro equipo especializado ofrece una soluci\u00f3n integral que abarca desde estrategias de marketing digital hasta la creaci\u00f3n de contenido atractivo y efectivo. Con nuestra experiencia en marketing digital, aseguramos una presencia ... Leer m\u00e1s\" \/>\n<meta property=\"og:url\" content=\"https:\/\/misionesmedia.com.ar\/index.php\/campanas-politicas\/\" \/>\n<meta property=\"og:site_name\" content=\"Misiones Media\" \/>\n<meta property=\"article:publisher\" content=\"https:\/\/www.facebook.com\/misionesmedia\" \/>\n<meta property=\"article:modified_time\" content=\"2024-01-08T13:58:48+00:00\" \/>\n<meta property=\"og:image\" content=\"https:\/\/misionesmedia.com.ar\/wp-content\/uploads\/2024\/01\/@misionesmedia.png\" \/>\n\t<meta property=\"og:image:width\" content=\"1200\" \/>\n\t<meta property=\"og:image:height\" content=\"675\" \/>\n\t<meta property=\"og:image:type\" content=\"image\/png\" \/>\n<meta name=\"twitter:card\" content=\"summary_large_image\" \/>\n<meta name=\"twitter:site\" content=\"@Misionesmedia\" \/>\n<meta name=\"twitter:label1\" content=\"Tiempo de lectura\" \/>\n\t<meta name=\"twitter:data1\" content=\"1 minuto\" \/>\n<script type=\"application\/ld+json\" class=\"yoast-schema-graph\">{\"@context\":\"https:\/\/schema.org\",\"@graph\":[{\"@type\":\"WebPage\",\"@id\":\"https:\/\/misionesmedia.com.ar\/index.php\/campanas-politicas\/\",\"url\":\"https:\/\/misionesmedia.com.ar\/index.php\/campanas-politicas\/\",\"name\":\"Campa\u00f1as Pol\u00edticas - Misiones Media\",\"isPartOf\":{\"@id\":\"https:\/\/misionesmedia.com.ar\/#website\"},\"datePublished\":\"2024-01-08T13:54:58+00:00\",\"dateModified\":\"2024-01-08T13:58:48+00:00\",\"breadcrumb\":{\"@id\":\"https:\/\/misionesmedia.com.ar\/index.php\/campanas-politicas\/#breadcrumb\"},\"inLanguage\":\"es\",\"potentialAction\":[{\"@type\":\"ReadAction\",\"target\":[\"https:\/\/misionesmedia.com.ar\/index.php\/campanas-politicas\/\"]}]},{\"@type\":\"BreadcrumbList\",\"@id\":\"https:\/\/misionesmedia.com.ar\/index.php\/campanas-politicas\/#breadcrumb\",\"itemListElement\":[{\"@type\":\"ListItem\",\"position\":1,\"name\":\"Home\",\"item\":\"https:\/\/misionesmedia.com.ar\/\"},{\"@type\":\"ListItem\",\"position\":2,\"name\":\"Campa\u00f1as Pol\u00edticas\"}]},{\"@type\":\"WebSite\",\"@id\":\"https:\/\/misionesmedia.com.ar\/#website\",\"url\":\"https:\/\/misionesmedia.com.ar\/\",\"name\":\"Misiones Media\",\"description\":\"Digital Social Media Marketing\",\"publisher\":{\"@id\":\"https:\/\/misionesmedia.com.ar\/#organization\"},\"potentialAction\":[{\"@type\":\"SearchAction\",\"target\":{\"@type\":\"EntryPoint\",\"urlTemplate\":\"https:\/\/misionesmedia.com.ar\/?s={search_term_string}\"},\"query-input\":\"required name=search_term_string\"}],\"inLanguage\":\"es\"},{\"@type\":\"Organization\",\"@id\":\"https:\/\/misionesmedia.com.ar\/#organization\",\"name\":\"Misiones Media\",\"url\":\"https:\/\/misionesmedia.com.ar\/\",\"logo\":{\"@type\":\"ImageObject\",\"inLanguage\":\"es\",\"@id\":\"https:\/\/misionesmedia.com.ar\/#\/schema\/logo\/image\/\",\"url\":\"https:\/\/misionesmedia.com.ar\/wp-content\/uploads\/2024\/01\/cropped-logo-2022-tucan-redondo-Copiar.webp\",\"contentUrl\":\"https:\/\/misionesmedia.com.ar\/wp-content\/uploads\/2024\/01\/cropped-logo-2022-tucan-redondo-Copiar.webp\",\"width\":1000,\"height\":1000,\"caption\":\"Misiones Media\"},\"image\":{\"@id\":\"https:\/\/misionesmedia.com.ar\/#\/schema\/logo\/image\/\"},\"sameAs\":[\"https:\/\/www.facebook.com\/misionesmedia\",\"https:\/\/twitter.com\/Misionesmedia\",\"https:\/\/www.instagram.com\/misionesmedia\"]}]}<\/script>\n<!-- \/ Yoast SEO Premium plugin. -->","yoast_head_json":{"title":"Campa\u00f1as Pol\u00edticas - Misiones Media","robots":{"index":"index","follow":"follow","max-snippet":"max-snippet:-1","max-image-preview":"max-image-preview:large","max-video-preview":"max-video-preview:-1"},"canonical":"https:\/\/misionesmedia.com.ar\/index.php\/campanas-politicas\/","og_locale":"es_ES","og_type":"article","og_title":"Campa\u00f1as Pol\u00edticas","og_description":"Campa\u00f1as Pol\u00edticas \u00a1Potencia tu campa\u00f1a pol\u00edtica con nuestro completo paquete de servicios de marketing dise\u00f1ado para impulsar tu presencia y conectividad con los votantes! Nuestro equipo especializado ofrece una soluci\u00f3n integral que abarca desde estrategias de marketing digital hasta la creaci\u00f3n de contenido atractivo y efectivo. Con nuestra experiencia en marketing digital, aseguramos una presencia ... Leer m\u00e1s","og_url":"https:\/\/misionesmedia.com.ar\/index.php\/campanas-politicas\/","og_site_name":"Misiones Media","article_publisher":"https:\/\/www.facebook.com\/misionesmedia","article_modified_time":"2024-01-08T13:58:48+00:00","og_image":[{"width":1200,"height":675,"url":"https:\/\/misionesmedia.com.ar\/wp-content\/uploads\/2024\/01\/@misionesmedia.png","type":"image\/png"}],"twitter_card":"summary_large_image","twitter_site":"@Misionesmedia","twitter_misc":{"Tiempo de lectura":"1 minuto"},"schema":{"@context":"https:\/\/schema.org","@graph":[{"@type":"WebPage","@id":"https:\/\/misionesmedia.com.ar\/index.php\/campanas-politicas\/","url":"https:\/\/misionesmedia.com.ar\/index.php\/campanas-politicas\/","name":"Campa\u00f1as Pol\u00edticas - Misiones Media","isPartOf":{"@id":"https:\/\/misionesmedia.com.ar\/#website"},"datePublished":"2024-01-08T13:54:58+00:00","dateModified":"2024-01-08T13:58:48+00:00","breadcrumb":{"@id":"https:\/\/misionesmedia.com.ar\/index.php\/campanas-politicas\/#breadcrumb"},"inLanguage":"es","potentialAction":[{"@type":"ReadAction","target":["https:\/\/misionesmedia.com.ar\/index.php\/campanas-politicas\/"]}]},{"@type":"BreadcrumbList","@id":"https:\/\/misionesmedia.com.ar\/index.php\/campanas-politicas\/#breadcrumb","itemListElement":[{"@type":"ListItem","position":1,"name":"Home","item":"https:\/\/misionesmedia.com.ar\/"},{"@type":"ListItem","position":2,"name":"Campa\u00f1as Pol\u00edticas"}]},{"@type":"WebSite","@id":"https:\/\/misionesmedia.com.ar\/#website","url":"https:\/\/misionesmedia.com.ar\/","name":"Misiones Media","description":"Digital Social Media Marketing","publisher":{"@id":"https:\/\/misionesmedia.com.ar\/#organization"},"potentialAction":[{"@type":"SearchAction","target":{"@type":"EntryPoint","urlTemplate":"https:\/\/misionesmedia.com.ar\/?s={search_term_string}"},"query-input":"required name=search_term_string"}],"inLanguage":"es"},{"@type":"Organization","@id":"https:\/\/misionesmedia.com.ar\/#organization","name":"Misiones Media","url":"https:\/\/misionesmedia.com.ar\/","logo":{"@type":"ImageObject","inLanguage":"es","@id":"https:\/\/misionesmedia.com.ar\/#\/schema\/logo\/image\/","url":"https:\/\/misionesmedia.com.ar\/wp-content\/uploads\/2024\/01\/cropped-logo-2022-tucan-redondo-Copiar.webp","contentUrl":"https:\/\/misionesmedia.com.ar\/wp-content\/uploads\/2024\/01\/cropped-logo-2022-tucan-redondo-Copiar.webp","width":1000,"height":1000,"caption":"Misiones Media"},"image":{"@id":"https:\/\/misionesmedia.com.ar\/#\/schema\/logo\/image\/"},"sameAs":["https:\/\/www.facebook.com\/misionesmedia","https:\/\/twitter.com\/Misionesmedia","https:\/\/www.instagram.com\/misionesmedia"]}]}},"_links":{"self":[{"href":"https:\/\/misionesmedia.com.ar\/index.php\/wp-json\/wp\/v2\/pages\/5026","targetHints":{"allow":["GET"]}}],"collection":[{"href":"https:\/\/misionesmedia.com.ar\/index.php\/wp-json\/wp\/v2\/pages"}],"about":[{"href":"https:\/\/misionesmedia.com.ar\/index.php\/wp-json\/wp\/v2\/types\/page"}],"author":[{"embeddable":true,"href":"https:\/\/misionesmedia.com.ar\/index.php\/wp-json\/wp\/v2\/users\/1"}],"replies":[{"embeddable":true,"href":"https:\/\/misionesmedia.com.ar\/index.php\/wp-json\/wp\/v2\/comments?post=5026"}],"version-history":[{"count":7,"href":"https:\/\/misionesmedia.com.ar\/index.php\/wp-json\/wp\/v2\/pages\/5026\/revisions"}],"predecessor-version":[{"id":5034,"href":"https:\/\/misionesmedia.com.ar\/index.php\/wp-json\/wp\/v2\/pages\/5026\/revisions\/5034"}],"wp:attachment":[{"href":"https:\/\/misionesmedia.com.ar\/index.php\/wp-json\/wp\/v2\/media?parent=5026"}],"curies":[{"name":"wp","href":"https:\/\/api.w.org\/{rel}","templated":true}]}}